{"id":104,"date":"2026-03-14T13:54:22","date_gmt":"2026-03-14T13:54:22","guid":{"rendered":"https:\/\/www.speichenspanner.com\/?page_id=104"},"modified":"2026-04-03T15:34:39","modified_gmt":"2026-04-03T15:34:39","slug":"%f0%9f%91%89-projektpartner-unterstuetzer","status":"publish","type":"page","link":"https:\/\/www.speichenspanner.com\/?page_id=104","title":{"rendered":"&#x1f449; Projektpartner &#038; Unterst\u00fctzer"},"content":{"rendered":"\t\t<div data-elementor-type=\"wp-page\" data-elementor-id=\"104\" class=\"elementor elementor-104\">\n\t\t\t\t\t\t<section class=\"elementor-section elementor-top-section elementor-element elementor-element-376edd6a elementor-section-boxed elementor-section-height-default elementor-section-height-default\" data-id=\"376edd6a\" data-element_type=\"section\" data-e-type=\"section\">\n\t\t\t\t\t\t<div class=\"elementor-container elementor-column-gap-default\">\n\t\t\t\t\t<div class=\"elementor-column elementor-col-100 elementor-top-column elementor-element elementor-element-a9c6867\" data-id=\"a9c6867\" data-element_type=\"column\" data-e-type=\"column\">\n\t\t\t<div class=\"elementor-widget-wrap elementor-element-populated\">\n\t\t\t\t\t\t<div class=\"elementor-element elementor-element-4fde16f7 elementor-widget elementor-widget-text-editor\" data-id=\"4fde16f7\" data-element_type=\"widget\" data-e-type=\"widget\" data-widget_type=\"text-editor.default\">\n\t\t\t\t<div class=\"elementor-widget-container\">\n\t\t\t\t\t\t\t\t\t\n<p>\u00a0<\/p>\n\n<p data-start=\"1021\" data-end=\"1045\"><strong data-start=\"1021\" data-end=\"1045\">Projekt unterst\u00fctzen<\/strong><\/p>\n<blockquote data-start=\"1047\" data-end=\"1230\">\n<p data-start=\"1049\" data-end=\"1134\">Das Speichenspanner-Projekt verbindet Handwerk, Radreise und Begegnungen unterwegs.<\/p>\n<p data-start=\"1141\" data-end=\"1230\">F\u00fcr die Europa-Tour suche ich Partner, die dieses besondere Projekt unterst\u00fctzen m\u00f6chten.<\/p>\n<h2 data-section-id=\"62tkj4\" data-start=\"1237\" data-end=\"1265\">Wie man unterst\u00fctzen kann<\/h2>\n<p data-start=\"1267\" data-end=\"1280\">Zum Beispiel:<\/p>\n<ul data-start=\"1282\" data-end=\"1379\">\n<li data-section-id=\"1vxdttt\" data-start=\"1282\" data-end=\"1301\">\n<p data-start=\"1284\" data-end=\"1301\">Arbeitskleidung<\/p>\n<\/li>\n<li data-section-id=\"4l8m4u\" data-start=\"1302\" data-end=\"1314\">\n<p data-start=\"1304\" data-end=\"1314\">Werkzeug<\/p>\n<\/li>\n<li data-section-id=\"10h267n\" data-start=\"1315\" data-end=\"1331\">\n<p data-start=\"1317\" data-end=\"1331\">Fahrradteile<\/p>\n<\/li>\n<li data-section-id=\"10uqyjz\" data-start=\"1332\" data-end=\"1354\">\n<p data-start=\"1334\" data-end=\"1354\">Outdoor-Ausr\u00fcstung<\/p>\n<\/li>\n<li data-section-id=\"1k8yir9\" data-start=\"1355\" data-end=\"1379\">\n<p data-start=\"1357\" data-end=\"1379\">Material f\u00fcr unterwegs<\/p>\n<\/li>\n<\/ul>\n<h2 data-section-id=\"194s86o\" data-start=\"1386\" data-end=\"1402\">Gegenleistung<\/h2>\n<p data-start=\"1404\" data-end=\"1441\">Unterst\u00fctzer werden sichtbar erw\u00e4hnt:<\/p>\n<ul data-start=\"1443\" data-end=\"1635\">\n<li data-section-id=\"j3ly7a\" data-start=\"1443\" data-end=\"1470\">\n<p data-start=\"1445\" data-end=\"1470\">Logo auf dieser Website<\/p>\n<\/li>\n<li data-section-id=\"lj95fx\" data-start=\"1471\" data-end=\"1502\">\n<p data-start=\"1473\" data-end=\"1502\">Nennung in Projektberichten<\/p>\n<\/li>\n<li data-section-id=\"14oiaxl\" data-start=\"1503\" data-end=\"1562\">\n<p data-start=\"1505\" data-end=\"1562\">Erw\u00e4hnung auf <strong data-start=\"1519\" data-end=\"1560\"><span class=\"hover:entity-accent entity-underline inline cursor-pointer align-baseline\"><span class=\"whitespace-normal\">Facebook<\/span><\/span><\/strong><\/p>\n<\/li>\n<li data-section-id=\"1b51ohp\" data-start=\"1563\" data-end=\"1635\">\n<p data-start=\"1565\" data-end=\"1635\">Dokumentation der Reise \u00fcber P<strong data-start=\"1594\" data-end=\"1635\"><span class=\"hover:entity-accent entity-underline inline cursor-pointer align-baseline\"><span class=\"whitespace-normal\">olarsteps<\/span><\/span><\/strong><\/p>\n<\/li>\n<\/ul>\n<h2 data-section-id=\"qrl477\" data-start=\"1642\" data-end=\"1670\">Unterst\u00fctzer des Projekts<\/h2>\n<p data-start=\"1672\" data-end=\"1701\">Hier kommen sp\u00e4ter Logos hin:<\/p>\n<p data-start=\"1703\" data-end=\"1721\"><strong data-start=\"1703\" data-end=\"1721\">Projektpartner<\/strong><\/p>\n<ul data-start=\"1723\" data-end=\"1747\">\n<li data-section-id=\"1pbfnj7\" data-start=\"1723\" data-end=\"1731\">\n<p data-start=\"1725\" data-end=\"1731\">Logo<\/p>\n<\/li>\n<li data-section-id=\"1pbfnj7\" data-start=\"1732\" data-end=\"1740\">\n<p data-start=\"1734\" data-end=\"1740\">Logo<\/p>\n<\/li>\n<li data-section-id=\"1j3uj1f\" data-start=\"1741\" data-end=\"1747\">\n<p data-start=\"1743\" data-end=\"1747\">Logo<\/p>\n<\/li>\n<\/ul>\n<h2 data-section-id=\"13vdziv\" data-start=\"1754\" data-end=\"1782\">Kontakt f\u00fcr Kooperationen<\/h2>\n<blockquote data-start=\"1784\" data-end=\"1876\">\n<p data-start=\"1786\" data-end=\"1876\">Firmen oder Unterst\u00fctzer, die Interesse an diesem Projekt haben, k\u00f6nnen sich gerne melden.<\/p>\n<\/blockquote>\n<\/blockquote>\n\t\t\t\t\t\t\t\t<\/div>\n\t\t\t\t<\/div>\n\t\t\t\t\t<\/div>\n\t\t<\/div>\n\t\t\t\t\t<\/div>\n\t\t<\/section>\n\t\t\t\t<\/div>\n\t\t","protected":false},"excerpt":{"rendered":"<p>\u00a0 Projekt unterst\u00fctzen Das Speichenspanner-Projekt verbindet Handwerk, Radreise und Begegnungen unterwegs. F\u00fcr die Europa-Tour suche ich Partner, die dieses besondere [&hellip;]<\/p>\n","protected":false},"author":1,"featured_media":0,"parent":0,"menu_order":0,"comment_status":"closed","ping_status":"closed","template":"","meta":{"site-sidebar-layout":"default","site-content-layout":"","ast-site-content-layout":"default","site-content-style":"default","site-sidebar-style":"default","ast-global-header-display":"","ast-banner-title-visibility":"","ast-main-header-display":"","ast-hfb-above-header-display":"","ast-hfb-below-header-display":"","ast-hfb-mobile-header-display":"","site-post-title":"","ast-breadcrumbs-content":"","ast-featured-img":"","footer-sml-layout":"","ast-disable-related-posts":"","theme-transparent-header-meta":"","adv-header-id-meta":"","stick-header-meta":"","header-above-stick-meta":"","header-main-stick-meta":"","header-below-stick-meta":"","astra-migrate-meta-layouts":"default","ast-page-background-enabled":"default","ast-page-background-meta":{"desktop":{"background-color":"var(--ast-global-color-5)","background-image":"","background-repeat":"repeat","background-position":"center center","background-size":"auto","background-attachment":"scroll","background-type":"","background-media":"","overlay-type":"","overlay-color":"","overlay-opacity":"","overlay-gradient":""},"tablet":{"background-color":"","background-image":"","background-repeat":"repeat","background-position":"center center","background-size":"auto","background-attachment":"scroll","background-type":"","background-media":"","overlay-type":"","overlay-color":"","overlay-opacity":"","overlay-gradient":""},"mobile":{"background-color":"","background-image":"","background-repeat":"repeat","background-position":"center center","background-size":"auto","background-attachment":"scroll","background-type":"","background-media":"","overlay-type":"","overlay-color":"","overlay-opacity":"","overlay-gradient":""}},"ast-content-background-meta":{"desktop":{"background-color":"var(--ast-global-color-4)","background-image":"","background-repeat":"repeat","background-position":"center center","background-size":"auto","background-attachment":"scroll","background-type":"","background-media":"","overlay-type":"","overlay-color":"","overlay-opacity":"","overlay-gradient":""},"tablet":{"background-color":"var(--ast-global-color-4)","background-image":"","background-repeat":"repeat","background-position":"center center","background-size":"auto","background-attachment":"scroll","background-type":"","background-media":"","overlay-type":"","overlay-color":"","overlay-opacity":"","overlay-gradient":""},"mobile":{"background-color":"var(--ast-global-color-4)","background-image":"","background-repeat":"repeat","background-position":"center center","background-size":"auto","background-attachment":"scroll","background-type":"","background-media":"","overlay-type":"","overlay-color":"","overlay-opacity":"","overlay-gradient":""}},"footnotes":""},"class_list":["post-104","page","type-page","status-publish","hentry"],"_links":{"self":[{"href":"https:\/\/www.speichenspanner.com\/index.php?rest_route=\/wp\/v2\/pages\/104","targetHints":{"allow":["GET"]}}],"collection":[{"href":"https:\/\/www.speichenspanner.com\/index.php?rest_route=\/wp\/v2\/pages"}],"about":[{"href":"https:\/\/www.speichenspanner.com\/index.php?rest_route=\/wp\/v2\/types\/page"}],"author":[{"embeddable":true,"href":"https:\/\/www.speichenspanner.com\/index.php?rest_route=\/wp\/v2\/users\/1"}],"replies":[{"embeddable":true,"href":"https:\/\/www.speichenspanner.com\/index.php?rest_route=%2Fwp%2Fv2%2Fcomments&post=104"}],"version-history":[{"count":6,"href":"https:\/\/www.speichenspanner.com\/index.php?rest_route=\/wp\/v2\/pages\/104\/revisions"}],"predecessor-version":[{"id":435,"href":"https:\/\/www.speichenspanner.com\/index.php?rest_route=\/wp\/v2\/pages\/104\/revisions\/435"}],"wp:attachment":[{"href":"https:\/\/www.speichenspanner.com\/index.php?rest_route=%2Fwp%2Fv2%2Fmedia&parent=104"}],"curies":[{"name":"wp","href":"https:\/\/api.w.org\/{rel}","templated":true}]}}